{"id":13,"date":"2023-11-06T15:43:27","date_gmt":"2023-11-06T15:43:27","guid":{"rendered":"https:\/\/conmpas.com\/?page_id=13"},"modified":"2023-11-09T19:27:32","modified_gmt":"2023-11-09T19:27:32","slug":"puertas","status":"publish","type":"page","link":"https:\/\/conmpas.com\/index.php\/puertas\/","title":{"rendered":""},"content":{"rendered":"<style>\/*! elementor - v3.17.0 - 08-11-2023 *\/\n.elementor-heading-title{padding:0;margin:0;line-height:1}.elementor-widget-heading .elementor-heading-title[class*=elementor-size-]>a{color:inherit;font-size:inherit;line-height:inherit}.elementor-widget-heading .elementor-heading-title.elementor-size-small{font-size:15px}.elementor-widget-heading .elementor-heading-title.elementor-size-medium{font-size:19px}.elementor-widget-heading .elementor-heading-title.elementor-size-large{font-size:29px}.elementor-widget-heading .elementor-heading-title.elementor-size-xl{font-size:39px}.elementor-widget-heading .elementor-heading-title.elementor-size-xxl{font-size:59px}<\/style>\n<h2>Puertas Autom\u00e1ticas &#8211; Gu\u00eda Completa Para Elegir tu Mejor Opci\u00f3n<\/h2>\n<style>\/*! elementor - v3.17.0 - 08-11-2023 *\/\n.elementor-widget-image{text-align:center}.elementor-widget-image a{display:inline-block}.elementor-widget-image a img[src$=\".svg\"]{width:48px}.elementor-widget-image img{vertical-align:middle;display:inline-block}<\/style>\n<p>\t\t\t\t\t\t\t\t\t\t\t\t<img loading=\"lazy\" decoding=\"async\" width=\"570\" height=\"570\" src=\"https:\/\/conmpas.com\/wp-content\/uploads\/2023\/11\/puertas-garaje-batientes-conmpas-570x570.1edc94e.jpg\" alt=\"\" srcset=\"https:\/\/conmpas.com\/wp-content\/uploads\/2023\/11\/puertas-garaje-batientes-conmpas-570x570.1edc94e.jpg 570w, https:\/\/conmpas.com\/wp-content\/uploads\/2023\/11\/puertas-garaje-batientes-conmpas-570x570.1edc94e-300x300.jpg 300w, https:\/\/conmpas.com\/wp-content\/uploads\/2023\/11\/puertas-garaje-batientes-conmpas-570x570.1edc94e-150x150.jpg 150w, https:\/\/conmpas.com\/wp-content\/uploads\/2023\/11\/elementor\/thumbs\/puertas-garaje-batientes-conmpas-570x570.1edc94e-150x150.jpg 2048w\" sizes=\"auto, (max-width: 570px) 100vw, 570px\" \/>\t\t\t\t\t\t\t\t\t\t\t\t\t\t\t<\/p>\n<h3 id=\"como-elegir-tu-puerta-autom\u00e1tica\" style=\"text-align: center;\"><strong>Como Elegir tu Puerta Autom\u00e1tica<\/strong><\/h3>\n<p>Para elegir tus puertas autom\u00e1ticas existen m\u00faltiples criterios por los cu\u00e1les elegir el mejor tipo de puerta autom\u00e1tica m\u00e1s conveniente para nuestro negocio, comunidad de vecinos, empresa o chalet.<\/p>\n<p>Una puerta automatizada nos aporta comodidad a la hora de separar o aislar espacios, ya sea en tu puerta de garaje, comercio, f\u00e1brica o nave industrial. Y en un uso m\u00e1s residencial, en nuestro chalet o comunidad de vecinos o casa de campo.<\/p>\n<p>Adem\u00e1s, las clasificaremos por presupuesto, sin duda los precios de las puertas autom\u00e1ticas es una de las razones m\u00e1s importantes a la hora de elegir una puerta de garaje.<\/p>\n<p>En Conmpas te ajustamos el precio de\u00a0instalaci\u00f3n de tu puerta autom\u00e1tica\u00a0con el objetivo de\u00a0evitar el ruido del motor, facilitar y optimizar su\u00a0mantenimiento, por eso instalamos motores, componentes y automatismos de calidad que ayudar\u00e1n a\u00a0evitar las aver\u00edas.<\/p>\n<p>Ahora te hablar\u00e9 de todas las clasificaciones, pero antes vamos a ver la definici\u00f3n de puerta autom\u00e1tica.<\/p>\n<h3 id=\"que-es-una-puerta-autom\u00e1tica\" style=\"text-align: center;\"><strong>Que es una Puerta Autom\u00e1tica<\/strong><\/h3>\n<p>Una puerta autom\u00e1tica es una puerta que se abre y se cierra autom\u00e1ticamente guiada por un mecanismo o motor. Este mecanismo se puede accionar por un control remoto, sensor (de movimiento, temperatura), de forma manual o incluso por huella dactilar.<\/p>\n<h3 id=\"como-funcionan-las-puertas-autom\u00e1ticas\" style=\"text-align: center;\"><strong>Como Funcionan las Puertas Autom\u00e1ticas<\/strong><\/h3>\n<p>Los motores de puertas autom\u00e1ticas est\u00e1n dise\u00f1ados para soportar un peso adecuado al tipo de puerta que acompa\u00f1an. Por eso los principales m\u00e9todos de seguridad implementados tienen en cuenta est\u00e1s caracter\u00edsticas.<\/p>\n<p>Actualmente todas las puertas autom\u00e1ticas incorporan mecanismos de seguridad para evitar cualquier tipo de accidente.<\/p>\n<p>Hay varios mecanismos de seguridad que hacen que la puerta vari\u00e9 su movimiento y se pare. Entre otros destacan:<\/p>\n<ul>\n<li><strong>Control \u00abhombre presente\u00bb<\/strong>:<\/li>\n<\/ul>\n<p>El control m\u00e1s sencillo es el denominado de \u00abhombre presente\u00bb. La puerta se abre presionando una vez el pulsador de &#8216;abrir puerta&#8217;. Para cerrar hay que mantener presionado el pulsador hasta que la puerta est\u00e9 cerrada.<\/p>\n<ul>\n<li><strong>Control de impulso<\/strong>:<\/li>\n<\/ul>\n<p>Con el control de impulso, la puerta se abre completamente al presionar el pulsador &#8216;Abrir puerta&#8217; y se cierra de nuevo completamente presionando del pulsador &#8216;Cerrar puerta&#8217;. (Solo en combinaci\u00f3n con una protecci\u00f3n del borde de cierre).<\/p>\n<ul>\n<li><strong>Cierre autom\u00e1tico por temporizador<\/strong>:<\/li>\n<\/ul>\n<p>El cierre autom\u00e1tico por temporizador solo est\u00e1 permitido en combinaci\u00f3n con un list\u00f3n de contacto de seguridad y una barrera fotoel\u00e9ctrica de seguridad instalados en el vano de la puerta.<\/p>\n<ul>\n<li><strong>Otros componentes<\/strong>:\n<ul>\n<li>Mando a distancia<\/li>\n<li>Regulaci\u00f3n del tr\u00e1fico<\/li>\n<li>Bloqueo mutuo con otra(s) puerta(s)<\/li>\n<li>Componentes de mando externos como radar, interruptor de llave, bucle de inducci\u00f3n, etc.<\/li>\n<\/ul>\n<\/li>\n<\/ul>\n<h3 id=\"puertas-autom\u00e1ticas-por-ubicaci\u00f3n\" style=\"text-align: center;\"><strong>Puertas Autom\u00e1ticas por Ubicaci\u00f3n<\/strong><\/h3>\n<ul>\n<li><strong>Puertas de Interior<\/strong>: Entre las que figuran las\u00a0puertas de cristal,\u00a0puertas r\u00e1pidas enrollables\u00a0o las\u00a0puertas cortafuegos<\/li>\n<li><strong>Puertas de Exterior<\/strong>: Como las\u00a0puertas correderas,\u00a0puertas basculantes,\u00a0puertas batientes, las\u00a0puertas seccionales\u00a0o las\u00a0barreras autom\u00e1ticas de parking.<\/li>\n<li><strong>Puertas de Garaje<\/strong>: Entre las que destacan las\u00a0puertas de garaje particulares,\u00a0puertas de garaje correderas,\u00a0puertas de garaje basculantes,\u00a0puertas de garaje batientes\u00a0y las\u00a0puertas de garaje seccionales<\/li>\n<\/ul>\n<h3 id=\"clasificaci\u00f3n-de-puertas-autom\u00e1ticas-por-tipo\" style=\"text-align: center;\"><strong>Clasificaci\u00f3n de Puertas Autom\u00e1ticas por Tipo<\/strong><\/h3>\n<p>Estas son los principales tipos de puertas atendiendo a su morfolog\u00eda:<\/p>\n<ul>\n<li><strong>Puertas seccionales<\/strong>: este tipo de puerta son ideales para aprovechar el m\u00e1ximo espacio, ya que necesita muy poco espacio libre para maniobrar.\n<ul>\n<li>Seccionales de una hoja<\/li>\n<li>Seccionales de doble hoja<\/li>\n<\/ul>\n<\/li>\n<li><strong>Puertas correderas<\/strong><\/li>\n<li><strong>Puertas basculantes<\/strong><\/li>\n<li><strong>Puertas batientes<\/strong><\/li>\n<\/ul>\n<h3 id=\"puertas-autom\u00e1ticas-por-uso\" style=\"text-align: center;\"><strong>Puertas Autom\u00e1ticas por Uso<\/strong><\/h3>\n<ul>\n<li><strong>Industriales<\/strong>: puertas seccionales industriales, puertas o cancelas correderas<\/li>\n<li><strong>Residenciales o Comunidades de Vecinos<\/strong>: puertas seccionales, correderas o batientes de una hoja o doble hoja.<\/li>\n<li><strong>Chalet<\/strong>: puertas seccionales particulares, batientes o basculantes.<\/li>\n<\/ul>\n<h3 id=\"puertas-autom\u00e1ticas-precios\" style=\"text-align: center;\"><strong>Puertas Autom\u00e1ticas: Precios<\/strong><\/h3>\n<p>Las puertas autom\u00e1ticas m\u00e1s econ\u00f3micas son las que tienen mecanismos m\u00e1s simples y por lo tanto llevan menos componentes que controlen su movimiento.<\/p>\n<p>L\u00f3gicamente depender\u00e1 del tama\u00f1o, pero una estimaci\u00f3n b\u00e1sica podr\u00eda ser:<\/p>\n<ul>\n<li>Puerta Seccional: precio desde 1.400\u20ac aprox.<\/li>\n<li>Puerta Corredera: precio desde 2.500\u20ac aprox.<\/li>\n<li>Puerta Batiente: precio desde 2.400\u20ac aprox.<\/li>\n<\/ul>\n<blockquote>\n<p>*<strong>Con montaje y motor incluido<\/strong><\/p>\n<\/blockquote>\n<p>Si quieres un presupuesto m\u00e1s detallado y preciso puedes contactar con nosotros aqu\u00ed con un\u00a0<strong>20% de descuento al hacerlo desde la Web<\/strong>:<\/p>\n<p>\u00a0<\/p>\n<h3 id=\"puertas-autom\u00e1ticas-por-materiales\" style=\"text-align: center;\"><strong>Puertas Autom\u00e1ticas por Materiales<\/strong><\/h3>\n<ul>\n<li><strong>Puertas hierro<\/strong><\/li>\n<li><strong>Puertas de cristal<\/strong><\/li>\n<li><strong>Puertas de madera<\/strong>\u00a0automatizadas<\/li>\n<li>Puertas de otros materiales, como las puertas cortafuegos, que est\u00e1n compuestas por\u00a0<a href=\"https:\/\/conmpas.com\/puertas-cortafuegos\">materiales ign\u00edfugos<\/a>.<\/li>\n<\/ul>\n<h3 id=\"las-mejores-marcas-de-puertas-autom\u00e1ticas\" style=\"text-align: center;\"><strong>Las Mejores Marcas de Puertas Autom\u00e1ticas<\/strong><\/h3>\n<p>Trabajamos con las mejores marcas nacionales del mercado por una sencilla raz\u00f3n: al instalar los mejores motores y automatismos evitamos las aver\u00edas serias y con un\u00a0<a href=\"https:\/\/conmpas.com\/mantenimiento-puertas-garaje\">mantenimiento adecuado<\/a>\u00a0sus piezas y mecanismos est\u00e1n hechos para durar mucho m\u00e1s y tambi\u00e9n importante, producen\u00a0menos ruidos.<\/p>\n<p>Adem\u00e1s todas nuestras puertas cuentan con\u00a0<strong>3 a\u00f1os de garant\u00eda<\/strong>, lo que nos brinda a\u00fan m\u00e1s confianza en nuestras instalaciones.<\/p>\n<ul>\n<li><strong>FAAC-Clemsa<\/strong>: automatismos, motores y mandos a distancia<\/li>\n<li><strong>Erreka<\/strong>: puertas autom\u00e1ticas, automatismos y control de accesos<\/li>\n<li><strong>Nice<\/strong>: mandos a distancia<\/li>\n<li><strong>Medva<\/strong>: automatismos para puertas autom\u00e1ticas<\/li>\n<\/ul>\n<h3 id=\"donde-hemos-instalado-nuestras-puertas-autom\u00e1ticas\" style=\"text-align: center;\"><strong>Donde Hemos Instalado Nuestras Puertas Autom\u00e1ticas<\/strong><\/h3>\n<p>Hemos trabajado en toda Espa\u00f1a: como en Madrid, Barcelona, Valencia, Bilbao, Sevilla o Cuenca, en todo tipo de comercios, naves industriales, garajes de particulares o comunidades de vecinos, as\u00ed como en sitios menos convencionales tales como:<\/p>\n<ul>\n<li><strong>c\u00e1rceles<\/strong>: trabajos de Alcal\u00e1 Meco<\/li>\n<li><strong>supermercados, centros comerciales o grandes almacenes<\/strong>: como en Mercadona o Alcampo<\/li>\n<li><strong>estadios de f\u00fatbol<\/strong>: como en el nuevo San Mam\u00e9s, estadio del Athletic Club de Bilbao.<\/li>\n<li><strong>centrales nucleares<\/strong>: adaptaci\u00f3n de puertas autom\u00e1ticas a la normativa de seguridad para Iberdrola bajo estrictos controles de seguridad.<\/li>\n<li><strong>aeropuertos<\/strong>: en el aeropuerto de Madrid Barajas y Base de Torrej\u00f3n<\/li>\n<li><strong>museos<\/strong><\/li>\n<li><strong>ministerios<\/strong>:<\/li>\n<\/ul>\n<h3 id=\"aver\u00edas-m\u00e1s-comunes-de-puertas-autom\u00e1ticas\" style=\"text-align: center;\"><strong>Aver\u00edas M\u00e1s Comunes de Puertas Autom\u00e1ticas<\/strong><\/h3>\n<p>Las aver\u00edas m\u00e1s comunes en puertas autom\u00e1ticas suelen ser debidas al desgaste de rodamientos y otros elementos mec\u00e1nicos:<\/p>\n<ul>\n<li>puerta no abre o puerta no cierra<\/li>\n<li>puerta descolgada o peligro de des colgamiento<\/li>\n<li>pernios rotos<\/li>\n<li>motor roto<\/li>\n<li>placa de maniobras rota<\/li>\n<li>c\u00e9lula fotoel\u00e9ctrica desenfocada<\/li>\n<li>ruido por desgaste de los automatismos<\/li>\n<\/ul>\n","protected":false},"excerpt":{"rendered":"<p>Puertas Autom\u00e1ticas &#8211; Gu\u00eda Completa Para Elegir tu Mejor Opci\u00f3n Como Elegir tu Puerta Autom\u00e1tica Para elegir tus puertas autom\u00e1ticas existen m\u00faltiples criterios por los cu\u00e1les elegir el mejor tipo de puerta autom\u00e1tica m\u00e1s conveniente para nuestro negocio, comunidad de vecinos, empresa o chalet. Una puerta automatizada nos aporta comodidad a la hora de separar [&hellip;]<\/p>\n","protected":false},"author":1,"featured_media":0,"parent":0,"menu_order":0,"comment_status":"closed","ping_status":"closed","template":"","meta":{"footnotes":""},"class_list":["post-13","page","type-page","status-publish","hentry"],"_links":{"self":[{"href":"https:\/\/conmpas.com\/index.php\/wp-json\/wp\/v2\/pages\/13","targetHints":{"allow":["GET"]}}],"collection":[{"href":"https:\/\/conmpas.com\/index.php\/wp-json\/wp\/v2\/pages"}],"about":[{"href":"https:\/\/conmpas.com\/index.php\/wp-json\/wp\/v2\/types\/page"}],"author":[{"embeddable":true,"href":"https:\/\/conmpas.com\/index.php\/wp-json\/wp\/v2\/users\/1"}],"replies":[{"embeddable":true,"href":"https:\/\/conmpas.com\/index.php\/wp-json\/wp\/v2\/comments?post=13"}],"version-history":[{"count":0,"href":"https:\/\/conmpas.com\/index.php\/wp-json\/wp\/v2\/pages\/13\/revisions"}],"wp:attachment":[{"href":"https:\/\/conmpas.com\/index.php\/wp-json\/wp\/v2\/media?parent=13"}],"curies":[{"name":"wp","href":"https:\/\/api.w.org\/{rel}","templated":true}]}}