{"id":15,"date":"2023-11-06T15:43:27","date_gmt":"2023-11-06T15:43:27","guid":{"rendered":"https:\/\/conmpas.com\/?page_id=15"},"modified":"2023-11-10T17:35:39","modified_gmt":"2023-11-10T17:35:39","slug":"instalacion","status":"publish","type":"page","link":"https:\/\/conmpas.com\/index.php\/instalacion\/","title":{"rendered":""},"content":{"rendered":"<p><button id=\"e-n-tabs-title-2291\" aria-selected=\"true\" data-tab-index=\"1\" role=\"tab\" tabindex=\"0\" aria-controls=\"e-n-tab-content-2291\" style=\"--n-tabs-title-order: 1;\"><br \/>\n\t\t\t\t\tInstalaci\u00f3n de Puertas de Garaje<br \/>\n\t\t\t<\/button><br \/>\n\t\t\t\t\t<button id=\"e-n-tabs-title-2292\" aria-selected=\"false\" data-tab-index=\"2\" role=\"tab\" tabindex=\"-1\" aria-controls=\"e-n-tab-content-2292\" style=\"--n-tabs-title-order: 2;\"><br \/>\n\t\t\t\t\tAdapta tu puerta autom\u00e1tica a la normativa vigente CE<br \/>\n\t\t\t<\/button><br \/>\n\t\t\t\t\t<button id=\"e-n-tabs-title-2293\" aria-selected=\"false\" data-tab-index=\"3\" role=\"tab\" tabindex=\"-1\" aria-controls=\"e-n-tab-content-2293\" style=\"--n-tabs-title-order: 3;\"><br \/>\n\t\t\t\t\tInstalaci\u00f3n Puertas Corta Fuegos<br \/>\n\t\t\t<\/button><br \/>\n\t\t\t\t\t<button id=\"e-n-tabs-title-2294\" aria-selected=\"false\" data-tab-index=\"4\" role=\"tab\" tabindex=\"-1\" aria-controls=\"e-n-tab-content-2294\" style=\"--n-tabs-title-order: 4;\"><br \/>\n\t\t\t\t\tInstalaci\u00f3n Barreras Parking<br \/>\n\t\t\t<\/button><\/p>\n<style>\/*! elementor - v3.17.0 - 08-11-2023 *\/\n.elementor-widget-text-editor.elementor-drop-cap-view-stacked .elementor-drop-cap{background-color:#69727d;color:#fff}.elementor-widget-text-editor.elementor-drop-cap-view-framed .elementor-drop-cap{color:#69727d;border:3px solid;background-color:transparent}.elementor-widget-text-editor:not(.elementor-drop-cap-view-default) .elementor-drop-cap{margin-top:8px}.elementor-widget-text-editor:not(.elementor-drop-cap-view-default) .elementor-drop-cap-letter{width:1em;height:1em}.elementor-widget-text-editor .elementor-drop-cap{float:left;text-align:center;line-height:1;font-size:50px}.elementor-widget-text-editor .elementor-drop-cap-letter{display:inline-block}<\/style>\n<h3 id=\"especialistas-en-instalaci\u00f3n-de-puertas-de-garaje-en-madrid\" style=\"text-align: center;\"><strong>Instalaci\u00f3n de Puertas de Garaje en Madrid<\/strong><\/h3>\n<p>En Conmpas somos\u00a0<strong>expertos en instalaci\u00f3n de puertas de garaje en Madrid y resto de Espa\u00f1a<\/strong>\u00a0y adem\u00e1s contamos con el mejor servicio t\u00e9cnico. Por eso contamos con el mejor servicio de mantenimiento de puertas de garaje, ya que es fundamental para evitar problemas con sus puertas en su empresa, comunidad de vecinos o vivienda particular.<\/p>\n<p>Adem\u00e1s, somos\u00a0<strong>especialistas en\u00a0reparaci\u00f3n,\u00a0instalaci\u00f3n\u00a0y\u00a0mantenimiento\u00a0de puertas de garaje autom\u00e1ticas<\/strong>\u00a0en la Comunidad de Madrid y en toda Espa\u00f1a. Nuestros t\u00e9cnicos realizan la revisi\u00f3n y comprobaci\u00f3n de los sistemas mec\u00e1nicos, el\u00e9ctricos y de seguridad de su puerta para comprobar su correcto funcionamiento y adaptaci\u00f3n a la normativa europea vigente.<\/p>\n<p>Nos dedicamos\u00a0<strong>exclusivamente<\/strong>\u00a0a las puertas autom\u00e1ticas de garaje en la Comunidad de Madrid, por eso su satisfacci\u00f3n para nosotros es lo m\u00e1s importante.<\/p>\n<p>No solo eso, sino que somos expertos en\u00a0<strong>insonorizaciones de puertas autom\u00e1ticas de garaje<\/strong>.<\/p>\n<p>Ayudamos a\u00a0<strong>prevenir accidentes<\/strong>\u00a0en puertas autom\u00e1ticas ya instaladas que en el momento de fabricaci\u00f3n no estuvieron sujetas a los\u00a0<strong>requisitos legales<\/strong>\u00a0en relaci\u00f3n a seguridad y eficiencia que se exigen en la actualidad.<\/p>\n<p>Por tanto, le ofrecemos una\u00a0<strong>soluci\u00f3n integral<\/strong>\u00a0de mantenimiento que incluye la revisi\u00f3n completa de la instalaci\u00f3n de su puerta autom\u00e1tica y la realizaci\u00f3n de los ajustes necesarios en sus automatismos para alargar la vida de su puerta de garaje y evitar problemas futuros que deriven en reparaciones de mayor valor.<\/p>\n<p>De acuerdo a la\u00a0<strong>normativa europea<\/strong>\u00a0y las nuevas normas aplicables a m\u00e1quinas, puertas autom\u00e1ticas y mantenimiento de fincas, las puertas autom\u00e1ticas de tu comunidad, negocio o industria deben estar correctamente mantenidas y con el etiquetado correspondiente de acuerdo a legislaci\u00f3n.<\/p>\n<p>Nuestros expertos te asesoran de manera gratuita sobre la legislaci\u00f3n que su puerta autom\u00e1tica debe cumplir, sin compromiso ni coste alguno. Somo expertos en Marcado CE -homologaci\u00f3n de Puertas de Garaje en Madrid.<\/p>\n<p>Instalamos y mantenemos todo tipo de puertas:<\/p>\n<p><img decoding=\"async\" src=\"https:\/\/www.aradock.es\/wp-content\/uploads\/2018\/05\/puertas-cortafuegos.jpg\" alt=\"Puertas correderas cortafuego, la mayor seguridad para tu negocio\" \/><\/p>\n<p>Las puertas cortafuegos son un\u00a0<strong>elemento indispensable<\/strong>\u00a0para la\u00a0<strong>seguridad<\/strong>\u00a0y el control de da\u00f1os (personales y materiales) en accidentes. No son una opci\u00f3n en\u00a0<strong>grandes espacios p\u00fablicos<\/strong>\u00a0o edificaciones con\u00a0<strong>gran afluencia<\/strong>\u00a0de personas<\/p>\n<p>Este tipo de accesos est\u00e1 especialmente ideado para evitar la propagaci\u00f3n de un incendio dentro de un edificio. Por esta raz\u00f3n, su protagonismo en la protecci\u00f3n de los espacios es muy importante y su instalaci\u00f3n en\u00a0<strong>centros comerciales<\/strong>,\u00a0<strong>industrias<\/strong>\u00a0o\u00a0<strong>edificios p\u00fablicos<\/strong>\u00a0es\u00a0<strong>imprescindible<\/strong>.<\/p>\n<p>Pero, para conseguir su objetivo, estos accesos deben ser al mismo tiempo sencillos en su manejo y complejos en su composici\u00f3n. Es decir, para que puedan minimizar las consecuencias negativas de un incendio deben estar fabricados con materiales resistentes y de alta calidad (normalmente cristal o metal) y con\u00a0<strong>mecanismos sencillos<\/strong>\u00a0que permitan activarlos en situaciones en las que el\u00a0<strong>p\u00e1nico<\/strong>\u00a0se apodera de los presentes. Sin unas puertas cortafuegos certificadas, ning\u00fan espacio p\u00fablico o de grandes dimensiones podr\u00e1 ser explotado.<\/p>\n<h4 id=\"protecci\u00f3n-verificada-puertas-cortafuegos-con-normativa-europea-certificada\"><strong>Protecci\u00f3n verificada: puertas cortafuegos con normativa europea certificada<\/strong><\/h4>\n<p>La utilidad y la importancia de estos accesos de seguridad en la prevenci\u00f3n, control y minimizaci\u00f3n de los incendios hacen necesaria su homologaci\u00f3n. Por ello, si vas a comprar puertas cortafuegos nuevas o alguno de sus accesorios, revisa que todos cuenten con\u00a0<strong>certificaci\u00f3n europea (a trav\u00e9s del marcado CE)<\/strong>. Es una de las obligaciones que recoge la\u00a0<strong>norma UNE EN 16034 sobre puertas peatonales<\/strong>, industriales, comerciales, de garaje y ventanas practicables aprobada por la Uni\u00f3n Europea.<\/p>\n<p>Esta normativa cumple con los requisitos que exige el Reglamento de los Productos de Construcci\u00f3n (RPC) y define detalles b\u00e1sicos como el grado de resistencia de los materiales al fuego, el control de humos, los cierres autom\u00e1ticos, el aislamiento t\u00e9rmico\u2026 Pero ten en cuenta que no basta con comprar unas puertas cortafuegos con certificaci\u00f3n europea y de alta calidad para minimizar los posibles efectos de un incendio en un edificio. Tambi\u00e9n debes revisar que funcionan correctamente a trav\u00e9s revisiones frecuentes..<\/p>\n<h4 id=\"\u00bfque-puertas-cortafuegos-elegir\"><strong>\u00bfQue puertas cortafuegos elegir?<\/strong><\/h4>\n<p>Ya te hemos hablado de los requisitos m\u00ednimos que deben cumplir las puertas cortafuegos en tus edificaciones \u2013 sean espacios p\u00fablicos, f\u00e1bricas o construcciones privadas de grandes dimensiones y afluencia de personas \u2013 puedes iniciar la b\u00fasqueda de las mejores del mercado. Contamos con los mejores expertos del sector de los cerramientos y la carpinter\u00eda met\u00e1lica.<\/p>\n<p>Aqu\u00ed encontrar\u00e1s accesos de seguridad contra incendios (y sus accesorios) reconocidos con la etiqueta CE y con todas las garant\u00edas de calidad. Ponemos a tu disposici\u00f3n puertas de diferentes tama\u00f1os y caracter\u00edsticas para que puedas proteger todos tus espacios interiores de los riesgos de la propagaci\u00f3n del fuego.<\/p>\n<p>Estamos a su disposici\u00f3n en nuestra sede f\u00edsica en Madrid<\/p>\n<p><img decoding=\"async\" src=\"https:\/\/conmpas.sirv.com\/Images\/barrera-automatica-parking-conmpas.jpg\" alt=\"Barreras Autom\u00e1ticas para Parking y Garajes - barrera-automatica-parking-conmpas.jpg\" \/><\/p>\n<p>\u00a0<\/p>\n<p>Las barreras autom\u00e1ticas o de control de acceso para parking son perfectas para controlar la afluencia de veh\u00edculos en un parking o garaje de empresas y centros comerciales.<\/p>\n<p>Pueden ser modelos electromec\u00e1nicos e hidr\u00e1ulicos.<\/p>\n<blockquote>\n<h4 id=\"las-barreras-autom\u00e1ticas-abatibles-permiten\">Las barreras autom\u00e1ticas abatibles permiten:<\/h4>\n<\/blockquote>\n<ul>\n<li><strong>aparcar sin bajarse del coche<\/strong><\/li>\n<li><strong>controlar el acceso<\/strong>\u00a0y<\/li>\n<li><strong>gestionar las plazas de aparcamiento<\/strong><\/li>\n<\/ul>\n<h4 id=\"integraci\u00f3n-de-las-barreras-autom\u00e1ticas-con-sistemas-de-control-de-acceso\">Integraci\u00f3n de las barreras autom\u00e1ticas con sistemas de control de acceso<\/h4>\n<p>Las barreras de parking autom\u00e1ticas pueden integrarse con los sitemas de control de acceso mediante un sistema de automatizaci\u00f3n que te permite:<\/p>\n<ul>\n<li>Reconocimiento de veh\u00edculos mediante identificaci\u00f3n con\u00a0<strong>lectura de matr\u00edcula<\/strong>, permitiendo abrir la barrera sin necesidad de que el veh\u00edculo se detenga totalmente.<\/li>\n<li>La\u00a0<strong>parada inmediata<\/strong>\u00a0en caso de obst\u00e1culo, gracias al dispositivo electr\u00f3nico de detenci\u00f3n.<\/li>\n<li><strong>Control de apertura<\/strong>\u00a0de barreras y sem\u00e1foros<\/li>\n<li>Puede funcionar incluso cuando\u00a0<strong>falta corriente el\u00e9ctrica<\/strong>: bien con bater\u00edas de emergencia, o conect\u00e1ndolos a grupos de continuidad.<\/li>\n<li>En caso de falta de corriente se puede desbloquear permitiendo\u00a0<strong>abrir manualmente<\/strong>.<\/li>\n<li><strong>Integraci\u00f3n<\/strong>\u00a0con terceros equipos (expendedores\/validadores de tickets)<\/li>\n<li>Posibilidad de elecci\u00f3n de sistema de apertura: llaves de contacto, mandos, tarjetas proximidad.<\/li>\n<\/ul>\n<h4 id=\"garant\u00eda-de-calidad-en-nuestras-instalaciones\">Garant\u00eda de calidad en nuestras instalaciones<\/h4>\n<p>En Conmpas somos\u00a0<strong>expertos en reparaci\u00f3n de puertas y barreras autom\u00e1ticas de parking y garaje en Madrid y resto de Espa\u00f1a<\/strong>, ya que tenemos el mejor servicio t\u00e9cnico. Un buen servicio de mantenimiento de barreras autom\u00e1ticas es fundamental para evitar problemas con sus puertas en su empresa, comunidad de vecinos o vivienda particular.<\/p>\n<p>En Conmpas somos\u00a0<strong>especialistas en\u00a0reparaci\u00f3n,\u00a0instalaci\u00f3n\u00a0y\u00a0mantenimiento\u00a0de puertas de garaje y barreras autom\u00e1ticas<\/strong>\u00a0en la Comunidad de Madrid y en el resto de Espa\u00f1a.<\/p>\n<p>Nuestros t\u00e9cnicos realizan la revisi\u00f3n y comprobaci\u00f3n de los sistemas mec\u00e1nicos, el\u00e9ctricos y de seguridad de su puerta para comprobar su correcto funcionamiento y adaptaci\u00f3n a la normativa europea vigente.<\/p>\n<p>Nos dedicamos\u00a0<strong>exclusivamente<\/strong>\u00a0a las puertas autom\u00e1ticas, por este motivo nuestro servicio es de calidad, ya que somos especialistas.<\/p>\n<blockquote>\n<p>Confiamos tanto en la\u00a0<strong>calidad de nuestro servicio t\u00e9cnico<\/strong>\u00a0que le ofrecemos las mejores condiciones en cuanto a precio y materiales.<\/p>\n<\/blockquote>\n<p>Ahorre un\u00a0<strong>20% de descuento<\/strong>\u00a0por contactar desde la web.<\/p>\n<h4 id=\"mantenimiento-de-barreras-de-parking-y-controles-de-entrada\">Mantenimiento de barreras de parking y controles de entrada<\/h4>\n<p>Un\u00a0<strong>mantenimiento peri\u00f3dico<\/strong>\u00a0y la introducci\u00f3n de elementos de seguridad son la \u00fanica manera de garantizar la seguridad de las puertas y de minimizar el riesgo de accidentes.<\/p>\n<p>Le ofrecemos una\u00a0<strong>planificaci\u00f3n de intervenciones peri\u00f3dicas<\/strong>\u00a0que incluyen la revisi\u00f3n completa de su puerta autom\u00e1tica y la realizaci\u00f3n de los ajustes necesarios en sus automatismos para alargar la vida de su puerta de garaje y evitar problemas futuros que deriven en reparaciones de mayor valor<\/p>\n<h3 id=\"especialistas-en-instalaci\u00f3n-de-puertas-de-garaje-en-madrid\" style=\"text-align: center;\"><strong>Instalaci\u00f3n de Puertas de Garaje en Madrid<\/strong><\/h3>\n<p>En Conmpas somos\u00a0<strong>expertos en instalaci\u00f3n de puertas de garaje en Madrid y resto de Espa\u00f1a<\/strong>\u00a0y adem\u00e1s contamos con el mejor servicio t\u00e9cnico. Por eso contamos con el mejor servicio de mantenimiento de puertas de garaje, ya que es fundamental para evitar problemas con sus puertas en su empresa, comunidad de vecinos o vivienda particular.<\/p>\n<p>Adem\u00e1s, somos\u00a0<strong>especialistas en\u00a0reparaci\u00f3n,\u00a0instalaci\u00f3n\u00a0y\u00a0mantenimiento\u00a0de puertas de garaje autom\u00e1ticas<\/strong>\u00a0en la Comunidad de Madrid y en toda Espa\u00f1a. Nuestros t\u00e9cnicos realizan la revisi\u00f3n y comprobaci\u00f3n de los sistemas mec\u00e1nicos, el\u00e9ctricos y de seguridad de su puerta para comprobar su correcto funcionamiento y adaptaci\u00f3n a la normativa europea vigente.<\/p>\n<p>Nos dedicamos\u00a0<strong>exclusivamente<\/strong>\u00a0a las puertas autom\u00e1ticas de garaje en la Comunidad de Madrid, por eso su satisfacci\u00f3n para nosotros es lo m\u00e1s importante.<\/p>\n<p>No solo eso, sino que somos expertos en\u00a0<strong>insonorizaciones de puertas autom\u00e1ticas de garaje<\/strong>.<\/p>\n<p>Ayudamos a\u00a0<strong>prevenir accidentes<\/strong>\u00a0en puertas autom\u00e1ticas ya instaladas que en el momento de fabricaci\u00f3n no estuvieron sujetas a los\u00a0<strong>requisitos legales<\/strong>\u00a0en relaci\u00f3n a seguridad y eficiencia que se exigen en la actualidad.<\/p>\n<p>Por tanto, le ofrecemos una\u00a0<strong>soluci\u00f3n integral<\/strong>\u00a0de mantenimiento que incluye la revisi\u00f3n completa de la instalaci\u00f3n de su puerta autom\u00e1tica y la realizaci\u00f3n de los ajustes necesarios en sus automatismos para alargar la vida de su puerta de garaje y evitar problemas futuros que deriven en reparaciones de mayor valor.<\/p>\n<p>De acuerdo a la\u00a0<strong>normativa europea<\/strong>\u00a0y las nuevas normas aplicables a m\u00e1quinas, puertas autom\u00e1ticas y mantenimiento de fincas, las puertas autom\u00e1ticas de tu comunidad, negocio o industria deben estar correctamente mantenidas y con el etiquetado correspondiente de acuerdo a legislaci\u00f3n.<\/p>\n<p>Nuestros expertos te asesoran de manera gratuita sobre la legislaci\u00f3n que su puerta autom\u00e1tica debe cumplir, sin compromiso ni coste alguno. Somo expertos en Marcado CE -homologaci\u00f3n de Puertas de Garaje en Madrid.<\/p>\n<p>Instalamos y mantenemos todo tipo de puertas:<\/p>\n<p><img decoding=\"async\" src=\"https:\/\/www.aradock.es\/wp-content\/uploads\/2018\/05\/puertas-cortafuegos.jpg\" alt=\"Puertas correderas cortafuego, la mayor seguridad para tu negocio\" \/><\/p>\n<p>Las puertas cortafuegos son un\u00a0<strong>elemento indispensable<\/strong>\u00a0para la\u00a0<strong>seguridad<\/strong>\u00a0y el control de da\u00f1os (personales y materiales) en accidentes. No son una opci\u00f3n en\u00a0<strong>grandes espacios p\u00fablicos<\/strong>\u00a0o edificaciones con\u00a0<strong>gran afluencia<\/strong>\u00a0de personas<\/p>\n<p>Este tipo de accesos est\u00e1 especialmente ideado para evitar la propagaci\u00f3n de un incendio dentro de un edificio. Por esta raz\u00f3n, su protagonismo en la protecci\u00f3n de los espacios es muy importante y su instalaci\u00f3n en\u00a0<strong>centros comerciales<\/strong>,\u00a0<strong>industrias<\/strong>\u00a0o\u00a0<strong>edificios p\u00fablicos<\/strong>\u00a0es\u00a0<strong>imprescindible<\/strong>.<\/p>\n<p>Pero, para conseguir su objetivo, estos accesos deben ser al mismo tiempo sencillos en su manejo y complejos en su composici\u00f3n. Es decir, para que puedan minimizar las consecuencias negativas de un incendio deben estar fabricados con materiales resistentes y de alta calidad (normalmente cristal o metal) y con\u00a0<strong>mecanismos sencillos<\/strong>\u00a0que permitan activarlos en situaciones en las que el\u00a0<strong>p\u00e1nico<\/strong>\u00a0se apodera de los presentes. Sin unas puertas cortafuegos certificadas, ning\u00fan espacio p\u00fablico o de grandes dimensiones podr\u00e1 ser explotado.<\/p>\n<h4 id=\"protecci\u00f3n-verificada-puertas-cortafuegos-con-normativa-europea-certificada\"><strong>Protecci\u00f3n verificada: puertas cortafuegos con normativa europea certificada<\/strong><\/h4>\n<p>La utilidad y la importancia de estos accesos de seguridad en la prevenci\u00f3n, control y minimizaci\u00f3n de los incendios hacen necesaria su homologaci\u00f3n. Por ello, si vas a comprar puertas cortafuegos nuevas o alguno de sus accesorios, revisa que todos cuenten con\u00a0<strong>certificaci\u00f3n europea (a trav\u00e9s del marcado CE)<\/strong>. Es una de las obligaciones que recoge la\u00a0<strong>norma UNE EN 16034 sobre puertas peatonales<\/strong>, industriales, comerciales, de garaje y ventanas practicables aprobada por la Uni\u00f3n Europea.<\/p>\n<p>Esta normativa cumple con los requisitos que exige el Reglamento de los Productos de Construcci\u00f3n (RPC) y define detalles b\u00e1sicos como el grado de resistencia de los materiales al fuego, el control de humos, los cierres autom\u00e1ticos, el aislamiento t\u00e9rmico\u2026 Pero ten en cuenta que no basta con comprar unas puertas cortafuegos con certificaci\u00f3n europea y de alta calidad para minimizar los posibles efectos de un incendio en un edificio. Tambi\u00e9n debes revisar que funcionan correctamente a trav\u00e9s revisiones frecuentes..<\/p>\n<h4 id=\"\u00bfque-puertas-cortafuegos-elegir\"><strong>\u00bfQue puertas cortafuegos elegir?<\/strong><\/h4>\n<p>Ya te hemos hablado de los requisitos m\u00ednimos que deben cumplir las puertas cortafuegos en tus edificaciones \u2013 sean espacios p\u00fablicos, f\u00e1bricas o construcciones privadas de grandes dimensiones y afluencia de personas \u2013 puedes iniciar la b\u00fasqueda de las mejores del mercado. Contamos con los mejores expertos del sector de los cerramientos y la carpinter\u00eda met\u00e1lica.<\/p>\n<p>Aqu\u00ed encontrar\u00e1s accesos de seguridad contra incendios (y sus accesorios) reconocidos con la etiqueta CE y con todas las garant\u00edas de calidad. Ponemos a tu disposici\u00f3n puertas de diferentes tama\u00f1os y caracter\u00edsticas para que puedas proteger todos tus espacios interiores de los riesgos de la propagaci\u00f3n del fuego.<\/p>\n<p>Estamos a su disposici\u00f3n en nuestra sede f\u00edsica en Madrid<\/p>\n<p><img decoding=\"async\" src=\"https:\/\/conmpas.sirv.com\/Images\/barrera-automatica-parking-conmpas.jpg\" alt=\"Barreras Autom\u00e1ticas para Parking y Garajes - barrera-automatica-parking-conmpas.jpg\" \/><\/p>\n<p>\u00a0<\/p>\n<p>Las barreras autom\u00e1ticas o de control de acceso para parking son perfectas para controlar la afluencia de veh\u00edculos en un parking o garaje de empresas y centros comerciales.<\/p>\n<p>Pueden ser modelos electromec\u00e1nicos e hidr\u00e1ulicos.<\/p>\n<blockquote>\n<h4 id=\"las-barreras-autom\u00e1ticas-abatibles-permiten\">Las barreras autom\u00e1ticas abatibles permiten:<\/h4>\n<\/blockquote>\n<ul>\n<li><strong>aparcar sin bajarse del coche<\/strong><\/li>\n<li><strong>controlar el acceso<\/strong>\u00a0y<\/li>\n<li><strong>gestionar las plazas de aparcamiento<\/strong><\/li>\n<\/ul>\n<h4 id=\"integraci\u00f3n-de-las-barreras-autom\u00e1ticas-con-sistemas-de-control-de-acceso\">Integraci\u00f3n de las barreras autom\u00e1ticas con sistemas de control de acceso<\/h4>\n<p>Las barreras de parking autom\u00e1ticas pueden integrarse con los sitemas de control de acceso mediante un sistema de automatizaci\u00f3n que te permite:<\/p>\n<ul>\n<li>Reconocimiento de veh\u00edculos mediante identificaci\u00f3n con\u00a0<strong>lectura de matr\u00edcula<\/strong>, permitiendo abrir la barrera sin necesidad de que el veh\u00edculo se detenga totalmente.<\/li>\n<li>La\u00a0<strong>parada inmediata<\/strong>\u00a0en caso de obst\u00e1culo, gracias al dispositivo electr\u00f3nico de detenci\u00f3n.<\/li>\n<li><strong>Control de apertura<\/strong>\u00a0de barreras y sem\u00e1foros<\/li>\n<li>Puede funcionar incluso cuando\u00a0<strong>falta corriente el\u00e9ctrica<\/strong>: bien con bater\u00edas de emergencia, o conect\u00e1ndolos a grupos de continuidad.<\/li>\n<li>En caso de falta de corriente se puede desbloquear permitiendo\u00a0<strong>abrir manualmente<\/strong>.<\/li>\n<li><strong>Integraci\u00f3n<\/strong>\u00a0con terceros equipos (expendedores\/validadores de tickets)<\/li>\n<li>Posibilidad de elecci\u00f3n de sistema de apertura: llaves de contacto, mandos, tarjetas proximidad.<\/li>\n<\/ul>\n<h4 id=\"garant\u00eda-de-calidad-en-nuestras-instalaciones\">Garant\u00eda de calidad en nuestras instalaciones<\/h4>\n<p>En Conmpas somos\u00a0<strong>expertos en reparaci\u00f3n de puertas y barreras autom\u00e1ticas de parking y garaje en Madrid y resto de Espa\u00f1a<\/strong>, ya que tenemos el mejor servicio t\u00e9cnico. Un buen servicio de mantenimiento de barreras autom\u00e1ticas es fundamental para evitar problemas con sus puertas en su empresa, comunidad de vecinos o vivienda particular.<\/p>\n<p>En Conmpas somos\u00a0<strong>especialistas en\u00a0reparaci\u00f3n,\u00a0instalaci\u00f3n\u00a0y\u00a0mantenimiento\u00a0de puertas de garaje y barreras autom\u00e1ticas<\/strong>\u00a0en la Comunidad de Madrid y en el resto de Espa\u00f1a.<\/p>\n<p>Nuestros t\u00e9cnicos realizan la revisi\u00f3n y comprobaci\u00f3n de los sistemas mec\u00e1nicos, el\u00e9ctricos y de seguridad de su puerta para comprobar su correcto funcionamiento y adaptaci\u00f3n a la normativa europea vigente.<\/p>\n<p>Nos dedicamos\u00a0<strong>exclusivamente<\/strong>\u00a0a las puertas autom\u00e1ticas, por este motivo nuestro servicio es de calidad, ya que somos especialistas.<\/p>\n<blockquote>\n<p>Confiamos tanto en la\u00a0<strong>calidad de nuestro servicio t\u00e9cnico<\/strong>\u00a0que le ofrecemos las mejores condiciones en cuanto a precio y materiales.<\/p>\n<\/blockquote>\n<p>Ahorre un\u00a0<strong>20% de descuento<\/strong>\u00a0por contactar desde la web.<\/p>\n<h4 id=\"mantenimiento-de-barreras-de-parking-y-controles-de-entrada\">Mantenimiento de barreras de parking y controles de entrada<\/h4>\n<p>Un\u00a0<strong>mantenimiento peri\u00f3dico<\/strong>\u00a0y la introducci\u00f3n de elementos de seguridad son la \u00fanica manera de garantizar la seguridad de las puertas y de minimizar el riesgo de accidentes.<\/p>\n<p>Le ofrecemos una\u00a0<strong>planificaci\u00f3n de intervenciones peri\u00f3dicas<\/strong>\u00a0que incluyen la revisi\u00f3n completa de su puerta autom\u00e1tica y la realizaci\u00f3n de los ajustes necesarios en sus automatismos para alargar la vida de su puerta de garaje y evitar problemas futuros que deriven en reparaciones de mayor valor<\/p>\n","protected":false},"excerpt":{"rendered":"<p>Instalaci\u00f3n de Puertas de Garaje Adapta tu puerta autom\u00e1tica a la normativa vigente CE Instalaci\u00f3n Puertas Corta Fuegos Instalaci\u00f3n Barreras Parking Instalaci\u00f3n de Puertas de Garaje en Madrid En Conmpas somos\u00a0expertos en instalaci\u00f3n de puertas de garaje en Madrid y resto de Espa\u00f1a\u00a0y adem\u00e1s contamos con el mejor servicio t\u00e9cnico. Por eso contamos con el [&hellip;]<\/p>\n","protected":false},"author":1,"featured_media":0,"parent":0,"menu_order":0,"comment_status":"closed","ping_status":"closed","template":"","meta":{"footnotes":""},"class_list":["post-15","page","type-page","status-publish","hentry"],"_links":{"self":[{"href":"https:\/\/conmpas.com\/index.php\/wp-json\/wp\/v2\/pages\/15","targetHints":{"allow":["GET"]}}],"collection":[{"href":"https:\/\/conmpas.com\/index.php\/wp-json\/wp\/v2\/pages"}],"about":[{"href":"https:\/\/conmpas.com\/index.php\/wp-json\/wp\/v2\/types\/page"}],"author":[{"embeddable":true,"href":"https:\/\/conmpas.com\/index.php\/wp-json\/wp\/v2\/users\/1"}],"replies":[{"embeddable":true,"href":"https:\/\/conmpas.com\/index.php\/wp-json\/wp\/v2\/comments?post=15"}],"version-history":[{"count":0,"href":"https:\/\/conmpas.com\/index.php\/wp-json\/wp\/v2\/pages\/15\/revisions"}],"wp:attachment":[{"href":"https:\/\/conmpas.com\/index.php\/wp-json\/wp\/v2\/media?parent=15"}],"curies":[{"name":"wp","href":"https:\/\/api.w.org\/{rel}","templated":true}]}}