{"id":152,"date":"2023-11-07T16:53:38","date_gmt":"2023-11-07T16:53:38","guid":{"rendered":"https:\/\/conmpas.com\/?page_id=152"},"modified":"2023-11-09T19:07:30","modified_gmt":"2023-11-09T19:07:30","slug":"insonorizacion","status":"publish","type":"page","link":"https:\/\/conmpas.com\/index.php\/insonorizacion\/","title":{"rendered":""},"content":{"rendered":"<style>\/*! elementor - v3.17.0 - 08-11-2023 *\/\n.elementor-heading-title{padding:0;margin:0;line-height:1}.elementor-widget-heading .elementor-heading-title[class*=elementor-size-]>a{color:inherit;font-size:inherit;line-height:inherit}.elementor-widget-heading .elementor-heading-title.elementor-size-small{font-size:15px}.elementor-widget-heading .elementor-heading-title.elementor-size-medium{font-size:19px}.elementor-widget-heading .elementor-heading-title.elementor-size-large{font-size:29px}.elementor-widget-heading .elementor-heading-title.elementor-size-xl{font-size:39px}.elementor-widget-heading .elementor-heading-title.elementor-size-xxl{font-size:59px}<\/style>\n<h2>Somos especialistas en Insonorizar su Puerta Autom\u00e1tica de Garaje<\/h2>\n<ul>\n<li>Diga\u00a0<strong>adios a los problemas de ruido<\/strong>\u00a0y\u00a0<strong>descanse tranquilo<\/strong>\u00a0usted y sus vecinos<\/li>\n<li><strong>Sin pagar nada por adelantado<\/strong>, solo cuando el\u00a0<strong>vecino afectado firme<\/strong>\u00a0su conformidad<\/li>\n<\/ul>\n<h2>\u00bfEl ruido de la puerta de garaje no le deja descansar por las noches?<\/h2>\n<p>Los <strong>ruidos<\/strong>\u00a0en las viviendas ocasionados por las\u00a0<strong>puertas autom\u00e1ticas de garaje<\/strong>\u00a0pueden ser una autentica\u00a0<strong>pesadilla<\/strong>.<\/p>\n<p>Por este motivo, en todos estos m\u00e1s de 40 a\u00f1os de experiencia solucionando problemas de ruidos e insonorizaciones nos hemos encontrado con muchos casos de\u00a0<strong>familias<\/strong>\u00a0enteras completamente\u00a0<strong>desesperadas<\/strong>\u00a0porque el\u00a0<strong>ruido de las puertas de garaje<\/strong>\u00a0no les permiten descansar en su propio hogar.<\/p>\n<p>Adem\u00e1s, la normativa establecida en Espa\u00f1a en materia de ruidos es de\u00a0<strong>30dB por la noche<\/strong>\u00a0y\u00a0<strong>40dB por el d\u00eda<\/strong>, y cualquier ruido por vibraci\u00f3n del motor, transmisi\u00f3n, engranajes en mal estado, etc\u2026 hace que se superen f\u00e1cilmente estos niveles de decibelios.<\/p>\n<p>Normativa Ruidos en Espa\u00f1a:<br \/><a href=\"https:\/\/www.boe.es\/buscar\/pdf\/2007\/BOE-A-2007-18397-consolidado.pdf\" target=\"_blank\" rel=\"nofollow noopener noreferrer\">https:\/\/www.boe.es\/buscar\/pdf\/2007\/BOE-A-2007-18397-consolidado.pdf<\/a><\/p>\n<style>\/*! elementor - v3.17.0 - 08-11-2023 *\/\n.elementor-alert{padding:15px;border-left:5px solid transparent;position:relative;text-align:left}.elementor-alert .elementor-alert-title{display:block;font-weight:700}.elementor-alert .elementor-alert-description{font-size:13px}.elementor-alert button.elementor-alert-dismiss{position:absolute;right:var(--dismiss-icon-horizontal-position,10px);top:var(--dismiss-icon-vertical-position,10px);padding:3px;font-size:var(--dismiss-icon-size,20px);line-height:1;background:transparent;color:var(--dismiss-icon-normal-color,inherit);border:none;cursor:pointer;transition-duration:var(--dismiss-icon-hover-transition-duration,.3s)}.elementor-alert button.elementor-alert-dismiss:hover{color:var(--dismiss-icon-hover-color,inherit)}.elementor-alert button.elementor-alert-dismiss svg{width:var(--dismiss-icon-size,20px);height:var(--dismiss-icon-size,20px);fill:var(--dismiss-icon-normal-color,currentColor);transition-duration:var(--dismiss-icon-hover-transition-duration,.3s)}.elementor-alert button.elementor-alert-dismiss svg:hover{fill:var(--dismiss-icon-hover-color,currentColor)}.elementor-alert.elementor-alert-info{color:#31708f;background-color:#d9edf7;border-color:#bcdff1}.elementor-alert.elementor-alert-success{color:#3c763d;background-color:#dff0d8;border-color:#cae6be}.elementor-alert.elementor-alert-warning{color:#8a6d3b;background-color:#fcf8e3;border-color:#f9f0c3}.elementor-alert.elementor-alert-danger{color:#a94442;background-color:#f2dede;border-color:#e8c4c4}@media (max-width:767px){.elementor-alert{padding:10px}.elementor-alert button.elementor-alert-dismiss{right:7px;top:7px}}<\/style>\n<p>\t\t\tEspecilistas en Insonorizar puertas de garaje . Nuestros clientes nos avalan.<br \/>\n\t\t\t\t\t\t\tPor eso, en conmpas tenemos la soluci\u00f3n para eliminar el ruido de puertas de garaje, somos expertos en insonorizar Puertas de Garaje Autom\u00e1ticas y estamos tan seguros, que no pagar\u00e1s nada si no lo solucionamos.<br \/>\nTrabajamos en Madrid y en toda Espa\u00f1a.<br \/>\n\t\t\t\t\t\t\t\t\t\t<button type=\"button\"><br \/>\n\t\t\t\t\t\t\t\t\t\t\t&times;<br \/>\n\t\t\t\t\t\t\t\t\t\tDescartar esta alerta.<br \/>\n\t\t\t\t<\/button><\/p>\n<h2>\u00bfQu\u00e9 podemos hacer?<\/h2>\n<p>En CONMPAS S.L. hemos desarrollado y dise\u00f1ado nuestras\u00a0<strong>propias piezas<\/strong>\u00a0y utilizamos los materiales mas novedosos, silenciosos y fiables del mercado, para eliminar esos molestos ruidos de su puerta de garaje para que por fin pueda usted y su\u00a0<strong>familia disfrutar del descanso<\/strong>\u00a0en su propia vivienda.<\/p>\n<p>Por eso somos especialistas en\u00a0<strong>insonorizar el motor de su puerta de garaje<\/strong>\u00a0y de esta manera producir un\u00a0<strong>aislamiento ac\u00fastico<\/strong>.<\/p>\n<p>Insonorizamos todo tipo de puertas de garaje, industriales o particulares<\/p>\n<p><strong>\u00a1Se lo solucionamos con total garant\u00eda!<\/strong><\/p>\n<h2 style=\"box-sizing: inherit; margin-top: 1.1em; margin-bottom: 0.5rem; font-family: Poppins, 'Source Sans Pro', -apple-system, BlinkMacSystemFont, 'Segoe UI', Roboto, 'Helvetica Neue', Arial, sans-serif; font-weight: 600; line-height: 1.2; font-size: 2rem; background-color: #ffffff;\">Resultados Garantizados 100%<\/h2>\n<p>Estamos tan seguros de que lograremos su\u00a0plena satisfacci\u00f3n\u00a0que somos la \u00fanica empresa del mercado que puede ofrecer las siguientes condiciones:\u00a0<\/p>\n<p style=\"box-sizing: inherit; margin-bottom: 1rem; font-size: 14.4px; color: #333333; font-family: Poppins, 'Source Sans Pro', -apple-system, BlinkMacSystemFont, 'Segoe UI', Roboto, 'Helvetica Neue', Arial, sans-serif; background-color: #ffffff;\">CERO EUROS\u00a0POR ADELANTADO\u00a0COBRO DEL 100% AL MES, SOLO CON LA\u00a0FIRMA DEL VECINO AFECTADO<\/p>\n<ul style=\"box-sizing: inherit; margin: 0px 0px 1rem; color: #333333; font-family: Poppins, 'Source Sans Pro', -apple-system, BlinkMacSystemFont, 'Segoe UI', Roboto, 'Helvetica Neue', Arial, sans-serif; font-size: 14.4px; background-color: #ffffff;\">\n<li style=\"box-sizing: inherit; margin-bottom: 5px;\">Solo cuando el vecino del piso encima de la puerta de garaje confirme que se ha solucionado el problema.<\/li>\n<\/ul>\n<p style=\"box-sizing: inherit; margin-bottom: 1rem; font-size: 14.4px; color: #333333; font-family: Poppins, 'Source Sans Pro', -apple-system, BlinkMacSystemFont, 'Segoe UI', Roboto, 'Helvetica Neue', Arial, sans-serif; background-color: #ffffff;\">100%\u00a0RESULTADOS GARANTIZADOS<\/p>\n<ul style=\"box-sizing: inherit; margin: 0px 0px 1rem; color: #333333; font-family: Poppins, 'Source Sans Pro', -apple-system, BlinkMacSystemFont, 'Segoe UI', Roboto, 'Helvetica Neue', Arial, sans-serif; font-size: 14.4px; background-color: #ffffff;\">\n<li style=\"box-sizing: inherit; margin-bottom: 5px;\">Si usted\u00a0no queda satisfecho, por contrato dejamos todo absolutamente igual a como estaba!!<\/li>\n<li style=\"box-sizing: inherit; margin-bottom: 5px;\">\n<h2 id=\"\u00bfcomo-insonorizar-una-puerta-de-garaje\" style=\"box-sizing: inherit; margin-top: 1.1em; margin-bottom: 0.5rem; font-family: Poppins, 'Source Sans Pro', -apple-system, BlinkMacSystemFont, 'Segoe UI', Roboto, 'Helvetica Neue', Arial, sans-serif; font-weight: 600; line-height: 1.2; font-size: 2rem;\">\u00bfComo insonorizar una puerta de garaje?<\/h2>\n<p style=\"box-sizing: inherit; margin-bottom: 1rem; font-size: 14.4px; color: #333333; font-family: Poppins, 'Source Sans Pro', -apple-system, BlinkMacSystemFont, 'Segoe UI', Roboto, 'Helvetica Neue', Arial, sans-serif;\">B\u00e1sicamente, ajustamos todos los elementos que puedan provocar ruido en la puertas autom\u00e1ticas y as\u00ed sus vecinos podr\u00e1n descansar tranquilos.<\/p>\n<ul style=\"box-sizing: inherit; margin-bottom: 1rem; margin-left: 0px; font-size: 14.4px;\">\n<li style=\"box-sizing: inherit; margin-bottom: 5px;\">Insonorizaci\u00f3n de\u00a0motor de automatizado<\/li>\n<li style=\"box-sizing: inherit; margin-bottom: 5px;\">Ajuste de recorrido<\/li>\n<li style=\"box-sizing: inherit; margin-bottom: 5px;\">Acondicionamiento\u00a0final de carrera<\/li>\n<li style=\"box-sizing: inherit; margin-bottom: 5px;\">Insonorizaci\u00f3n de\u00a0pavimento de rodadura\u00a0de neum\u00e1ticos<\/li>\n<\/ul>\n<p style=\"box-sizing: inherit; margin-bottom: 1rem; font-size: 14.4px; color: #333333; font-family: Poppins, 'Source Sans Pro', -apple-system, BlinkMacSystemFont, 'Segoe UI', Roboto, 'Helvetica Neue', Arial, sans-serif;\">Por ejemplo, esto es lo que har\u00edamos para insonorizar una puerta corredera, ya que suelen ser una de las puertas que m\u00e1s ruido producen dentro de la insonorizaci\u00f3n de puertas.<\/p>\n<p style=\"box-sizing: inherit; margin-bottom: 1rem; font-size: 14.4px; color: #333333; font-family: Poppins, 'Source Sans Pro', -apple-system, BlinkMacSystemFont, 'Segoe UI', Roboto, 'Helvetica Neue', Arial, sans-serif;\">Pida precio de insonorizaci\u00f3n,\u00a0<a style=\"box-sizing: inherit; color: #007bff; background-color: transparent;\" href=\"https:\/\/conmpas.com\/instalacion-puertas-garaje\/\">instalaci\u00f3n<\/a>,\u00a0<a style=\"box-sizing: inherit; color: #007bff; background-color: transparent;\" href=\"https:\/\/conmpas.com\/reparacion-puertas-garaje\/\">reparaci\u00f3n<\/a>\u00a0o\u00a0<a style=\"box-sizing: inherit; color: #007bff; background-color: transparent;\" href=\"https:\/\/conmpas.com\/mantenimiento-puertas-garaje\/\">mantenimiento<\/a>\u00a0de su puerta de garaje sin compromiso. Respuesta en menos de 24 horas.<\/p>\n<h3 id=\"\u00bfse-imagina-como-ser\u00eda-dormir-sin-ruidos-toda-la-noche\" style=\"box-sizing: inherit; margin-bottom: 0.5rem; font-family: Cairo, sans-serif; font-weight: 600; line-height: 1.2; color: #444444; font-size: 1.75rem;\">\u00bfSe imagina como ser\u00eda dormir sin ruidos toda la noche?<\/h3>\n<\/li>\n<\/ul>\n<h2>PIDANOS PRESUPUESTO<\/h2>\n","protected":false},"excerpt":{"rendered":"<p>Somos especialistas en Insonorizar su Puerta Autom\u00e1tica de Garaje Diga\u00a0adios a los problemas de ruido\u00a0y\u00a0descanse tranquilo\u00a0usted y sus vecinos Sin pagar nada por adelantado, solo cuando el\u00a0vecino afectado firme\u00a0su conformidad \u00bfEl ruido de la puerta de garaje no le deja descansar por las noches? Los ruidos\u00a0en las viviendas ocasionados por las\u00a0puertas autom\u00e1ticas de garaje\u00a0pueden ser [&hellip;]<\/p>\n","protected":false},"author":1,"featured_media":0,"parent":0,"menu_order":0,"comment_status":"closed","ping_status":"closed","template":"","meta":{"footnotes":""},"class_list":["post-152","page","type-page","status-publish","hentry"],"_links":{"self":[{"href":"https:\/\/conmpas.com\/index.php\/wp-json\/wp\/v2\/pages\/152","targetHints":{"allow":["GET"]}}],"collection":[{"href":"https:\/\/conmpas.com\/index.php\/wp-json\/wp\/v2\/pages"}],"about":[{"href":"https:\/\/conmpas.com\/index.php\/wp-json\/wp\/v2\/types\/page"}],"author":[{"embeddable":true,"href":"https:\/\/conmpas.com\/index.php\/wp-json\/wp\/v2\/users\/1"}],"replies":[{"embeddable":true,"href":"https:\/\/conmpas.com\/index.php\/wp-json\/wp\/v2\/comments?post=152"}],"version-history":[{"count":0,"href":"https:\/\/conmpas.com\/index.php\/wp-json\/wp\/v2\/pages\/152\/revisions"}],"wp:attachment":[{"href":"https:\/\/conmpas.com\/index.php\/wp-json\/wp\/v2\/media?parent=152"}],"curies":[{"name":"wp","href":"https:\/\/api.w.org\/{rel}","templated":true}]}}