{"id":16,"date":"2023-11-06T15:43:27","date_gmt":"2023-11-06T15:43:27","guid":{"rendered":"https:\/\/conmpas.com\/?page_id=16"},"modified":"2023-11-10T17:58:33","modified_gmt":"2023-11-10T17:58:33","slug":"mantenimiento","status":"publish","type":"page","link":"https:\/\/conmpas.com\/index.php\/mantenimiento\/","title":{"rendered":""},"content":{"rendered":"<style>\/*! elementor - v3.17.0 - 08-11-2023 *\/\n.elementor-heading-title{padding:0;margin:0;line-height:1}.elementor-widget-heading .elementor-heading-title[class*=elementor-size-]>a{color:inherit;font-size:inherit;line-height:inherit}.elementor-widget-heading .elementor-heading-title.elementor-size-small{font-size:15px}.elementor-widget-heading .elementor-heading-title.elementor-size-medium{font-size:19px}.elementor-widget-heading .elementor-heading-title.elementor-size-large{font-size:29px}.elementor-widget-heading .elementor-heading-title.elementor-size-xl{font-size:39px}.elementor-widget-heading .elementor-heading-title.elementor-size-xxl{font-size:59px}<\/style>\n<h2>Reparaci\u00f3n Puertas de Garaje y Mantenimiento<\/h2>\n<p><img decoding=\"async\" src=\"https:\/\/conmpas.sirv.com\/Images\/puertas-garaje-batientes-conmpas-570x570.jpg\" alt=\"Reparaci\u00f3n Puertas de Garaje y Mantenimiento - puertas-garaje-batientes-conmpas-570x570.jpg\" \/><\/p>\n<p>n Conmpas somos\u00a0<strong>expertos en reparaci\u00f3n de puertas de garaje en Madrid y resto de Espa\u00f1a<\/strong>, ya que tenemos el mejor servicio t\u00e9cnico. Un buen servicio de mantenimiento de puertas de garaje es fundamental para evitar problemas con sus puertas en su empresa, comunidad de vecinos o vivienda particular.<\/p>\n<p>En Conmpas somos\u00a0<strong>especialistas en reparaci\u00f3n,\u00a0instalaci\u00f3n\u00a0y\u00a0mantenimiento\u00a0de puertas de garaje autom\u00e1ticas<\/strong>\u00a0en la Comunidad de Madrid y alrededores. Nuestros t\u00e9cnicos realizan la revisi\u00f3n y comprobaci\u00f3n de los sistemas mec\u00e1nicos, el\u00e9ctricos y de seguridad de su puerta para comprobar su correcto funcionamiento y adaptaci\u00f3n a la normativa europea vigente.<\/p>\n<p>Nos dedicamos\u00a0<strong>exclusivamente<\/strong>\u00a0a las puertas autom\u00e1ticas de garaje, por este motivo nuestro servicio es de calidad, ya que nos preocupamos por la satisfacci\u00f3n del cliente.<\/p>\n<blockquote>\n<p>Confiamos tanto en la\u00a0<strong>calidad de nuestro servicio t\u00e9cnico<\/strong>\u00a0que le ofrecemos las mejores condiciones en cuanto a precio y materiales.<\/p>\n<\/blockquote>\n<p>Ahorre un\u00a0<strong>20% de descuento<\/strong>\u00a0por contactar desde la web.<\/p>\n<p>Nuestro objetivo es arreglar sus puertas de garaje para que se olvide de ellas y disfrute de la tranquilidad y el descanso de una puerta sin ruidos. Por eso, le ofrecemos el mejor\u00a0<strong>contrato de mantenimiento<\/strong>\u00a0para que la aver\u00eda no se vuelva a producir.<\/p>\n<p>Un\u00a0<strong>mantenimiento peri\u00f3dico<\/strong>\u00a0y la introducci\u00f3n de elementos de seguridad son la \u00fanica manera de garantizar la seguridad de las puertas y de minimizar el riesgo de accidentes.<\/p>\n<p>Somos expertos en\u00a0<strong>insonorizaciones de puertas autom\u00e1ticas de garaje<\/strong>.<\/p>\n<p>Ayudamos a\u00a0<strong>prevenir accidentes<\/strong>\u00a0en puertas autom\u00e1ticas ya instaladas que en el momento de fabricaci\u00f3n no estuvieron sujetas a los\u00a0<strong>requisitos legales<\/strong>\u00a0en relaci\u00f3n a seguridad y eficiencia que se exigen en la actualidad.<\/p>\n<p>Le ofrecemos una\u00a0<strong>planificaci\u00f3n de intervenciones peri\u00f3dicas<\/strong>\u00a0que incluyen la revisi\u00f3n completa de su puerta autom\u00e1tica y la realizaci\u00f3n de los ajustes necesarios en sus automatismos para alargar la vida de su puerta de garaje y evitar problemas futuros que deriven en reparaciones de mayor valor.<\/p>\n<p><strong>Solicite presupuesto<\/strong>\u00a0desde la\u00a0<strong>web o por tel\u00e9fono<\/strong>\u00a0para disfrutar de un\u00a0<strong>20% de descuento<\/strong>\u00a0en el precio de la reparaci\u00f3n y el mantenimiento.<\/p>\n<h4 id=\"cumpla-con-la-normativa-y-ahorre-con-un-mantenimiento-de-puertas\"><strong>Cumpla con la normativa y ahorre con un Mantenimiento de Puertas<\/strong><\/h4>\n<p>La\u00a0<strong>normativa de Mantenimiento de Puertas Autom\u00e1ticas UNE 85121<\/strong>\u00a0indica que es el propietario de la puerta autom\u00e1tica el que debe llevar a cabo un mantenimiento planificado, seg\u00fan las indicaciones del fabricante y durante toda la vida \u00fatil de la instalaci\u00f3n.<\/p>\n<p>Para ello, deber\u00e1 contratar las revisiones y mantenimiento de la puerta con una empresa autorizada, como es Conmpas, a fin de garantizar la seguridad de la instalaci\u00f3n y el correcto funcionamiento del sistema.<\/p>\n<p>No se preocupe por el\u00a0<strong>precio de su contrato de mantenimiento<\/strong>, por una peque\u00f1a parte de lo que le costar\u00eda una reparaci\u00f3n seria, tiene la seguridad de dormir tranquilo. Ahora, adem\u00e1s, disfrute de un\u00a0<strong>20% de descuento<\/strong>\u00a0al solicitarlo desde la web.<\/p>\n<h4 id=\"expertos-en-mantenimiento-de-puertas-de-garaje-en-la-comunidad-de-madrid\">Expertos en Mantenimiento de Puertas de Garaje en la Comunidad de Madrid<\/h4>\n<p>Con m\u00e1s de\u00a0<strong>40 a\u00f1os de experiencia<\/strong>\u00a0en la\u00a0instalaci\u00f3n, reparaci\u00f3n y mantenimiento de puertas autom\u00e1ticas de garaje, sabemos que lo principal es disfrutar de un servicio t\u00e9cnico que no te de ning\u00fan problema, por eso, contamos con un\u00a0<strong>servicio de guardia<\/strong>\u00a0que har\u00e1 que tus puertas nunca se paren.<\/p>\n<p>Recuerde que una puerta es un un sistema electromec\u00e1nico sometido en su funcionamiento a un fuerte estr\u00e9s en sus piezas y mecanismos, por lo que un mantenimiento se convierte en un elemento fundamental a la hora de garantizar que la inversi\u00f3n realizada sea aprovechada de forma \u00f3ptima por lo usuarios.<\/p>\n<p>Un\u00a0<strong>contrato de mantenimiento de puertas de garaje<\/strong>\u00a0es la manera m\u00e1s sencilla para reducir su coste de operaci\u00f3n, reduciendo el n\u00famero de aver\u00edas y su importancia.<\/p>\n<h4 id=\"evita-accidentes-y-gana-en-tranquilidad\">Evita accidentes y gana en tranquilidad<\/h4>\n<p>El mantenimiento siempre debe ser realizado siempre por t\u00e9cnicos especialistas con formaci\u00f3n actualizada, que realicen estas tareas de acuerdo a las instrucciones dadas por el fabricante y, en el caso de que no se disponga de esta informaci\u00f3n, estableciendo unas periodicidades \u00f3ptimas de mantenimiento y revisi\u00f3n, tambi\u00e9n se exigen unos componentes m\u00ednimos de seguridad que deben tener las puertas de garaje autom\u00e1ticas ya instaladas.<\/p>\n<blockquote>\n<h5 id=\"disfruta-de-seguridad-y-comodidad-con-tu-mantenimiento\">Disfruta de seguridad y comodidad con tu Mantenimiento<\/h5>\n<\/blockquote>\n<p>Tu\u00a0<strong>seguridad<\/strong>, la de tu familia o la de tu comunidad de vecinos es prioritaria. Ponte en contacto con nosotros y te informaremos de nuestros servicios de instalaci\u00f3n, mantenimiento y reparaci\u00f3n, con la garant\u00eda una empresa especialista en puertas autom\u00e1ticas.<\/p>\n<p>Gana en tranquilidad y antic\u00edpate accidentes con tu programa de mantenimiento de puertas autom\u00e1ticas, la mejor manera de prevenirlos.<\/p>\n","protected":false},"excerpt":{"rendered":"<p>Reparaci\u00f3n Puertas de Garaje y Mantenimiento n Conmpas somos\u00a0expertos en reparaci\u00f3n de puertas de garaje en Madrid y resto de Espa\u00f1a, ya que tenemos el mejor servicio t\u00e9cnico. Un buen servicio de mantenimiento de puertas de garaje es fundamental para evitar problemas con sus puertas en su empresa, comunidad de vecinos o vivienda particular. En [&hellip;]<\/p>\n","protected":false},"author":1,"featured_media":0,"parent":0,"menu_order":0,"comment_status":"closed","ping_status":"closed","template":"","meta":{"footnotes":""},"class_list":["post-16","page","type-page","status-publish","hentry"],"_links":{"self":[{"href":"https:\/\/conmpas.com\/index.php\/wp-json\/wp\/v2\/pages\/16","targetHints":{"allow":["GET"]}}],"collection":[{"href":"https:\/\/conmpas.com\/index.php\/wp-json\/wp\/v2\/pages"}],"about":[{"href":"https:\/\/conmpas.com\/index.php\/wp-json\/wp\/v2\/types\/page"}],"author":[{"embeddable":true,"href":"https:\/\/conmpas.com\/index.php\/wp-json\/wp\/v2\/users\/1"}],"replies":[{"embeddable":true,"href":"https:\/\/conmpas.com\/index.php\/wp-json\/wp\/v2\/comments?post=16"}],"version-history":[{"count":0,"href":"https:\/\/conmpas.com\/index.php\/wp-json\/wp\/v2\/pages\/16\/revisions"}],"wp:attachment":[{"href":"https:\/\/conmpas.com\/index.php\/wp-json\/wp\/v2\/media?parent=16"}],"curies":[{"name":"wp","href":"https:\/\/api.w.org\/{rel}","templated":true}]}}