{"id":17,"date":"2023-11-06T15:43:27","date_gmt":"2023-11-06T15:43:27","guid":{"rendered":"https:\/\/conmpas.com\/?page_id=17"},"modified":"2023-11-09T19:07:05","modified_gmt":"2023-11-09T19:07:05","slug":"contacto","status":"publish","type":"page","link":"https:\/\/conmpas.com\/index.php\/contacto\/","title":{"rendered":""},"content":{"rendered":"<style>\/*! elementor - v3.17.0 - 08-11-2023 *\/\n.elementor-heading-title{padding:0;margin:0;line-height:1}.elementor-widget-heading .elementor-heading-title[class*=elementor-size-]>a{color:inherit;font-size:inherit;line-height:inherit}.elementor-widget-heading .elementor-heading-title.elementor-size-small{font-size:15px}.elementor-widget-heading .elementor-heading-title.elementor-size-medium{font-size:19px}.elementor-widget-heading .elementor-heading-title.elementor-size-large{font-size:29px}.elementor-widget-heading .elementor-heading-title.elementor-size-xl{font-size:39px}.elementor-widget-heading .elementor-heading-title.elementor-size-xxl{font-size:59px}<\/style>\n<h3>CONTACTA AHORA<\/h3>\n<p style=\"text-align: center;\">Contacta con nosotros por web o ll\u00e1manos para solicitar presupuesto.<\/p>\n<p style=\"text-align: center;\">Trabajamos en toda Espa\u00f1a.<\/p>\n<p style=\"text-align: center;\">Te responderemos en menos de 24 horas.<\/p>\n<h4>Aprovecha nuestro c\u00f3digo descuento del 20% si contactas a trav\u00e9s de la web<br \/>\n<\/h4>\n<h3>C\u00d3DIGO DESCUENTO: WEB20<\/h3>\n<p style=\"text-align: center;\">Calle Del Marques de la Valdavia N.\u00ba 92<br \/>28100 Alcobendas ( Madrid )<\/p>\n<p style=\"text-align: center;\">Tel\u00e9fono : <strong>91 734 84 37<\/strong><\/p>\n<p style=\"text-align: center;\"><a href=\"mailto:info@conmpas.com\">info@conmpas.com<\/a><\/p>\n<style>\/*! elementor - v3.17.0 - 08-11-2023 *\/\n.elementor-widget-google_maps .elementor-widget-container{overflow:hidden}.elementor-widget-google_maps .elementor-custom-embed{line-height:0}.elementor-widget-google_maps iframe{height:300px}<\/style>\n<p>\t\t\t<iframe loading=\"lazy\"\n\t\t\t\t\tsrc=\"https:\/\/maps.google.com\/maps?q=Calle%20Del%20Marques%20de%20la%20Valdavia%20%2092%20alcobendas%20madrid&#038;t=m&#038;z=14&#038;output=embed&#038;iwloc=near\"\n\t\t\t\t\ttitle=\"Calle Del Marques de la Valdavia  92 alcobendas madrid\"\n\t\t\t\t\taria-label=\"Calle Del Marques de la Valdavia  92 alcobendas madrid\"\n\t\t\t><\/iframe><\/p>\n","protected":false},"excerpt":{"rendered":"<p>CONTACTA AHORA Contacta con nosotros por web o ll\u00e1manos para solicitar presupuesto. Trabajamos en toda Espa\u00f1a. Te responderemos en menos de 24 horas. Aprovecha nuestro c\u00f3digo descuento del 20% si contactas a trav\u00e9s de la web C\u00d3DIGO DESCUENTO: WEB20 Calle Del Marques de la Valdavia N.\u00ba 9228100 Alcobendas ( Madrid ) Tel\u00e9fono : 91 734 [&hellip;]<\/p>\n","protected":false},"author":1,"featured_media":0,"parent":0,"menu_order":0,"comment_status":"closed","ping_status":"closed","template":"","meta":{"footnotes":""},"class_list":["post-17","page","type-page","status-publish","hentry"],"_links":{"self":[{"href":"https:\/\/conmpas.com\/index.php\/wp-json\/wp\/v2\/pages\/17","targetHints":{"allow":["GET"]}}],"collection":[{"href":"https:\/\/conmpas.com\/index.php\/wp-json\/wp\/v2\/pages"}],"about":[{"href":"https:\/\/conmpas.com\/index.php\/wp-json\/wp\/v2\/types\/page"}],"author":[{"embeddable":true,"href":"https:\/\/conmpas.com\/index.php\/wp-json\/wp\/v2\/users\/1"}],"replies":[{"embeddable":true,"href":"https:\/\/conmpas.com\/index.php\/wp-json\/wp\/v2\/comments?post=17"}],"version-history":[{"count":0,"href":"https:\/\/conmpas.com\/index.php\/wp-json\/wp\/v2\/pages\/17\/revisions"}],"wp:attachment":[{"href":"https:\/\/conmpas.com\/index.php\/wp-json\/wp\/v2\/media?parent=17"}],"curies":[{"name":"wp","href":"https:\/\/api.w.org\/{rel}","templated":true}]}}